{"id":4304,"date":"2021-08-18T17:52:21","date_gmt":"2021-08-18T17:52:21","guid":{"rendered":"https:\/\/yunfin.digi-motions.be\/contact\/"},"modified":"2022-03-31T12:16:13","modified_gmt":"2022-03-31T12:16:13","slug":"contact","status":"publish","type":"page","link":"https:\/\/yunfin.digi-motions.be\/fr\/contact\/","title":{"rendered":"Contact"},"content":{"rendered":"\n\n\t<ul>\n\t\t<li>\t\t\n\t\t\t\t<img decoding=\"async\" src=\"https:\/\/yunfin.digi-motions.be\/wp-content\/uploads\/2021\/07\/Middel-2-7.png\" alt=\"Middel 2\" title=\"Middel 2\" itemprop=\"image\"\/>\n\t\t<p>Contactez-nous:<br \/>+32 (0)3 443 04 70 <\/p><\/li>\t<\/ul>\n\t<ul>\n\t\t<li>\t\t\n\t\t\t\t<img decoding=\"async\" src=\"https:\/\/yunfin.digi-motions.be\/wp-content\/uploads\/2021\/07\/Middel-4-6.png\" alt=\"Middel 4\" title=\"Middel 4\" itemprop=\"image\"\/>\n\t\t<p>Mail:<br \/><a href=\"mailto:info@yun.be\">info@yun.be<\/a><\/p><\/li>\t<\/ul>\n\t<ul>\n\t\t<li>\t\t\n\t\t\t\t<img decoding=\"async\" src=\"https:\/\/yunfin.digi-motions.be\/wp-content\/uploads\/2021\/07\/Middel-3-6.png\" alt=\"Middel 3\" title=\"Middel 3\" itemprop=\"image\"\/>\n\t\t<p>Galileilaan 15<br \/>2845, Niel Belgique<\/p><\/li>\t<\/ul>\n\t<ul>\n\t\t<li>\t\t\n\t\t\t\t<img decoding=\"async\" src=\"https:\/\/yunfin.digi-motions.be\/wp-content\/uploads\/2021\/09\/business.png\" alt=\"business\" title=\"business\" itemprop=\"image\"\/>\n\t\t<p>Business:<br \/><a href=\"mailto:info@yun.be\">business@yun.be<\/a><\/p><\/li>\t<\/ul>\n\t<h2>\n\t\t\t\tON AIMERAIT T&rsquo;AIDER\n\t\t\t<\/h2>\n\t<p>Vous avez des questions, des commentaires ou, comme nous, vous \u00eates obs\u00e9d\u00e9 par le microbiome ? Cliquez sur l&rsquo;un des boutons et envoyez-nous un message via nos m\u00e9dias sociaux ou remplissez le formulaire. N&rsquo;oubliez pas non plus de consulter notre FAQ &#8211; vous y trouverez peut-\u00eatre la r\u00e9ponse !<\/p>\n<p>Pour les questions concernant des partenaires ou des investissements, veuillez contacter <a href=\"mailto:business@yun.be\">business@yun.be<\/a><\/p>\n\t<ul>\n\t\t<li><a href=\"https:\/\/www.facebook.com\/yunprobiotherapy\/\" target=\"_blank\" rel=\"noopener\" aria-label=\"Go to https:\/\/www.facebook.com\/yunprobiotherapy\/\"><\/a>\t\t\n\t\t\t\t<img decoding=\"async\" src=\"https:\/\/yunfin.digi-motions.be\/wp-content\/uploads\/2021\/07\/Middel-6-4.png\" alt=\"Middel 6\" title=\"Middel 6\" itemprop=\"image\"\/>\n\t\t<h3>FACEBOOK<\/h3><\/li>\t<\/ul>\n\t<ul>\n\t\t<li><a href=\"https:\/\/www.instagram.com\/yun_probiotherapy\/?hl=nl\" target=\"_blank\" rel=\"noopener\" aria-label=\"Go to https:\/\/www.instagram.com\/yun_probiotherapy\/?hl=nl\"><\/a>\t\t\n\t\t\t\t<img decoding=\"async\" src=\"https:\/\/yunfin.digi-motions.be\/wp-content\/uploads\/2021\/07\/Middel-7-5.png\" alt=\"Middel 7\" title=\"Middel 7\" itemprop=\"image\"\/>\n\t\t<h3>INSTAGRAM<\/h3><\/li>\t<\/ul>\n\t<ul>\n\t\t<li><a href=\"https:\/\/www.youtube.com\/channel\/UCJ9dF_oamx2nq6DKo0P3qqw\" target=\"_blank\" rel=\"noopener\" aria-label=\"Go to https:\/\/www.youtube.com\/channel\/UCJ9dF_oamx2nq6DKo0P3qqw\"><\/a>\t\t\n\t\t\t\t<img decoding=\"async\" src=\"https:\/\/yunfin.digi-motions.be\/wp-content\/uploads\/2021\/07\/Middel-8-5.png\" alt=\"Middel 8\" title=\"Middel 8\" itemprop=\"image\"\/>\n\t\t<h3>YOUTUBE<\/h3><\/li>\t<\/ul>\n\t\t\t\t<img loading=\"lazy\" decoding=\"async\" src=\"https:\/\/yunfin.digi-motions.be\/wp-content\/uploads\/2021\/07\/Middel-3-1.png\" alt=\"Middel 3\" itemprop=\"image\" height=\"117\" width=\"117\" title=\"Middel 3\" onerror=\"this.style.display='none'\"  \/>\n\t<h2>\n\t\t\t\t<a href=\"https:\/\/yunfin.digi-motions.be\/fr\/pharmacies\/\" title=\"Trouvez votre pharmacie\" target=\"_self\" rel=\"noopener\">\n\t\t\t\tTrouvez votre pharmacie\n\t\t\t\t<\/a>\n\t\t\t<\/h2>\n\t\t\t<a href=\"https:\/\/yunfin.digi-motions.be\/fr\/pharmacies\/\" target=\"_self\" role=\"button\" aria-label=\"CHERChER\" rel=\"noopener\">\n\t\t\t\t\t\t\tCHERChER\n\t\t<\/a>\n\t\t\t\t<img loading=\"lazy\" decoding=\"async\" src=\"https:\/\/yunfin.digi-motions.be\/wp-content\/uploads\/2021\/07\/Middel-5.png\" alt=\"Middel 5\" itemprop=\"image\" height=\"96\" width=\"222\" title=\"Middel 5\" onerror=\"this.style.display='none'\"  \/>\n<h2>\n\t\tMenu\n\t<\/h2>\n<h2>\n\t\tContact\n\t<\/h2>\n\t+32 (0)3 443 04 70<br \/>\ninfo@yun.be<br \/>\nGalileilaan 15<br \/>\n2845, Niel<br \/>\nBelgique\n<h2>\n\t\tSocial\n\t<\/h2>\n<h2>\n\t\tAvec le soutien de\n\t<\/h2>\n\t\t\t\t<img loading=\"lazy\" decoding=\"async\" src=\"https:\/\/yunfin.digi-motions.be\/wp-content\/uploads\/2021\/07\/Middel-6.png\" alt=\"Middel 6\" itemprop=\"image\" height=\"29\" width=\"209\" title=\"Middel 6\" onerror=\"this.style.display='none'\"  \/>\n\t\t\t\t<img loading=\"lazy\" decoding=\"async\" src=\"https:\/\/yunfin.digi-motions.be\/wp-content\/uploads\/2021\/07\/Middel-7.png\" alt=\"Middel 7\" itemprop=\"image\" height=\"60\" width=\"347\" title=\"Middel 7\" onerror=\"this.style.display='none'\"  \/>\n\n","protected":false},"excerpt":{"rendered":"<p>Contactez-nous:+32 (0)3 443 04 70 Mail:info@yun.be Galileilaan 152845, Niel Belgique Business:business@yun.be ON AIMERAIT T&rsquo;AIDER Vous avez des questions, des commentaires ou, comme nous, vous \u00eates obs\u00e9d\u00e9 par le microbiome ? Cliquez sur l&rsquo;un des boutons et envoyez-nous un message via nos m\u00e9dias sociaux ou remplissez le formulaire. N&rsquo;oubliez pas non plus de consulter notre FAQ [&hellip;]<\/p>\n","protected":false},"author":1,"featured_media":0,"parent":0,"menu_order":0,"comment_status":"closed","ping_status":"closed","template":"","meta":{"site-sidebar-layout":"no-sidebar","site-content-layout":"page-builder","ast-site-content-layout":"full-width-container","site-content-style":"unboxed","site-sidebar-style":"unboxed","ast-global-header-display":"","ast-banner-title-visibility":"","ast-main-header-display":"","ast-hfb-above-header-display":"","ast-hfb-below-header-display":"","ast-hfb-mobile-header-display":"","site-post-title":"disabled","ast-breadcrumbs-content":"","ast-featured-img":"disabled","footer-sml-layout":"","theme-transparent-header-meta":"default","adv-header-id-meta":"","stick-header-meta":"default","header-above-stick-meta":"","header-main-stick-meta":"","header-below-stick-meta":"","astra-migrate-meta-layouts":"default","ast-page-background-enabled":"default","ast-page-background-meta":{"desktop":{"background-color":"","background-image":"","background-repeat":"repeat","background-position":"center center","background-size":"auto","background-attachment":"scroll","background-type":"","background-media":"","overlay-type":"","overlay-color":"","overlay-opacity":"","overlay-gradient":""},"tablet":{"background-color":"","background-image":"","background-repeat":"repeat","background-position":"center center","background-size":"auto","background-attachment":"scroll","background-type":"","background-media":"","overlay-type":"","overlay-color":"","overlay-opacity":"","overlay-gradient":""},"mobile":{"background-color":"","background-image":"","background-repeat":"repeat","background-position":"center center","background-size":"auto","background-attachment":"scroll","background-type":"","background-media":"","overlay-type":"","overlay-color":"","overlay-opacity":"","overlay-gradient":""}},"ast-content-background-meta":{"desktop":{"background-color":"var(--ast-global-color-5)","background-image":"","background-repeat":"repeat","background-position":"center center","background-size":"auto","background-attachment":"scroll","background-type":"","background-media":"","overlay-type":"","overlay-color":"","overlay-opacity":"","overlay-gradient":""},"tablet":{"background-color":"var(--ast-global-color-5)","background-image":"","background-repeat":"repeat","background-position":"center center","background-size":"auto","background-attachment":"scroll","background-type":"","background-media":"","overlay-type":"","overlay-color":"","overlay-opacity":"","overlay-gradient":""},"mobile":{"background-color":"var(--ast-global-color-5)","background-image":"","background-repeat":"repeat","background-position":"center center","background-size":"auto","background-attachment":"scroll","background-type":"","background-media":"","overlay-type":"","overlay-color":"","overlay-opacity":"","overlay-gradient":""}},"footnotes":""},"class_list":["post-4304","page","type-page","status-publish","hentry"],"yoast_head":"<!-- This site is optimized with the Yoast SEO plugin v26.2 - https:\/\/yoast.com\/wordpress\/plugins\/seo\/ -->\n<title>YUN Probioth\u00e9rapie - Traitez les probl\u00e8mes de peau avec de bonnes bact\u00e9ries !<\/title>\n<meta name=\"description\" content=\"YUN combat les probl\u00e8mes de peau gr\u00e2ce au pouvoir des bonnes bact\u00e9ries. Prot\u00e8ge, renforce et restaure votre microbiome ! Technologie brevet\u00e9e avec probiotiques vivants.\" \/>\n<meta name=\"robots\" content=\"index, follow, max-snippet:-1, max-image-preview:large, max-video-preview:-1\" \/>\n<link rel=\"canonical\" href=\"https:\/\/yunfin.digi-motions.be\/fr\/contact\/\" \/>\n<meta property=\"og:locale\" content=\"fr_FR\" \/>\n<meta property=\"og:type\" content=\"article\" \/>\n<meta property=\"og:title\" content=\"YUN Probioth\u00e9rapie - Traitez les probl\u00e8mes de peau avec de bonnes bact\u00e9ries !\" \/>\n<meta property=\"og:description\" content=\"YUN combat les probl\u00e8mes de peau gr\u00e2ce au pouvoir des bonnes bact\u00e9ries. Prot\u00e8ge, renforce et restaure votre microbiome ! Technologie brevet\u00e9e avec probiotiques vivants.\" \/>\n<meta property=\"og:url\" content=\"https:\/\/yunfin.digi-motions.be\/fr\/contact\/\" \/>\n<meta property=\"og:site_name\" content=\"YUN\" \/>\n<meta property=\"article:modified_time\" content=\"2022-03-31T12:16:13+00:00\" \/>\n<meta property=\"og:image\" content=\"https:\/\/yunfin.digi-motions.be\/wp-content\/uploads\/2021\/07\/Middel-2-7.png\" \/>\n<meta name=\"twitter:card\" content=\"summary_large_image\" \/>\n<meta name=\"twitter:label1\" content=\"Dur\u00e9e de lecture estim\u00e9e\" \/>\n\t<meta name=\"twitter:data1\" content=\"1 minute\" \/>\n<script type=\"application\/ld+json\" class=\"yoast-schema-graph\">{\"@context\":\"https:\/\/schema.org\",\"@graph\":[{\"@type\":\"WebPage\",\"@id\":\"https:\/\/yunfin.digi-motions.be\/fr\/contact\/\",\"url\":\"https:\/\/yunfin.digi-motions.be\/fr\/contact\/\",\"name\":\"YUN Probioth\u00e9rapie - Traitez les probl\u00e8mes de peau avec de bonnes bact\u00e9ries !\",\"isPartOf\":{\"@id\":\"https:\/\/yunfin.digi-motions.be\/fr\/#website\"},\"primaryImageOfPage\":{\"@id\":\"https:\/\/yunfin.digi-motions.be\/fr\/contact\/#primaryimage\"},\"image\":{\"@id\":\"https:\/\/yunfin.digi-motions.be\/fr\/contact\/#primaryimage\"},\"thumbnailUrl\":\"https:\/\/yunfin.digi-motions.be\/wp-content\/uploads\/2021\/07\/Middel-2-7.png\",\"datePublished\":\"2021-08-18T17:52:21+00:00\",\"dateModified\":\"2022-03-31T12:16:13+00:00\",\"description\":\"YUN combat les probl\u00e8mes de peau gr\u00e2ce au pouvoir des bonnes bact\u00e9ries. Prot\u00e8ge, renforce et restaure votre microbiome ! Technologie brevet\u00e9e avec probiotiques vivants.\",\"breadcrumb\":{\"@id\":\"https:\/\/yunfin.digi-motions.be\/fr\/contact\/#breadcrumb\"},\"inLanguage\":\"fr-FR\",\"potentialAction\":[{\"@type\":\"ReadAction\",\"target\":[\"https:\/\/yunfin.digi-motions.be\/fr\/contact\/\"]}]},{\"@type\":\"ImageObject\",\"inLanguage\":\"fr-FR\",\"@id\":\"https:\/\/yunfin.digi-motions.be\/fr\/contact\/#primaryimage\",\"url\":\"https:\/\/yunfin.digi-motions.be\/wp-content\/uploads\/2021\/07\/Middel-2-7.png\",\"contentUrl\":\"https:\/\/yunfin.digi-motions.be\/wp-content\/uploads\/2021\/07\/Middel-2-7.png\"},{\"@type\":\"BreadcrumbList\",\"@id\":\"https:\/\/yunfin.digi-motions.be\/fr\/contact\/#breadcrumb\",\"itemListElement\":[{\"@type\":\"ListItem\",\"position\":1,\"name\":\"Home\",\"item\":\"https:\/\/yunfin.digi-motions.be\/fr\/\"},{\"@type\":\"ListItem\",\"position\":2,\"name\":\"Contact\"}]},{\"@type\":\"WebSite\",\"@id\":\"https:\/\/yunfin.digi-motions.be\/fr\/#website\",\"url\":\"https:\/\/yunfin.digi-motions.be\/fr\/\",\"name\":\"YUN\",\"description\":\"YUN PROBIOTHERAPY\",\"publisher\":{\"@id\":\"https:\/\/yunfin.digi-motions.be\/fr\/#organization\"},\"potentialAction\":[{\"@type\":\"SearchAction\",\"target\":{\"@type\":\"EntryPoint\",\"urlTemplate\":\"https:\/\/yunfin.digi-motions.be\/fr\/?s={search_term_string}\"},\"query-input\":{\"@type\":\"PropertyValueSpecification\",\"valueRequired\":true,\"valueName\":\"search_term_string\"}}],\"inLanguage\":\"fr-FR\"},{\"@type\":\"Organization\",\"@id\":\"https:\/\/yunfin.digi-motions.be\/fr\/#organization\",\"name\":\"YUN\",\"url\":\"https:\/\/yunfin.digi-motions.be\/fr\/\",\"logo\":{\"@type\":\"ImageObject\",\"inLanguage\":\"fr-FR\",\"@id\":\"https:\/\/yunfin.digi-motions.be\/fr\/#\/schema\/logo\/image\/\",\"url\":\"https:\/\/yunfin.digi-motions.be\/wp-content\/uploads\/2025\/09\/Logo_yun.webp\",\"contentUrl\":\"https:\/\/yunfin.digi-motions.be\/wp-content\/uploads\/2025\/09\/Logo_yun.webp\",\"width\":2101,\"height\":903,\"caption\":\"YUN\"},\"image\":{\"@id\":\"https:\/\/yunfin.digi-motions.be\/fr\/#\/schema\/logo\/image\/\"}}]}<\/script>\n<!-- \/ Yoast SEO plugin. -->","yoast_head_json":{"title":"YUN Probioth\u00e9rapie - Traitez les probl\u00e8mes de peau avec de bonnes bact\u00e9ries !","description":"YUN combat les probl\u00e8mes de peau gr\u00e2ce au pouvoir des bonnes bact\u00e9ries. Prot\u00e8ge, renforce et restaure votre microbiome ! Technologie brevet\u00e9e avec probiotiques vivants.","robots":{"index":"index","follow":"follow","max-snippet":"max-snippet:-1","max-image-preview":"max-image-preview:large","max-video-preview":"max-video-preview:-1"},"canonical":"https:\/\/yunfin.digi-motions.be\/fr\/contact\/","og_locale":"fr_FR","og_type":"article","og_title":"YUN Probioth\u00e9rapie - Traitez les probl\u00e8mes de peau avec de bonnes bact\u00e9ries !","og_description":"YUN combat les probl\u00e8mes de peau gr\u00e2ce au pouvoir des bonnes bact\u00e9ries. Prot\u00e8ge, renforce et restaure votre microbiome ! Technologie brevet\u00e9e avec probiotiques vivants.","og_url":"https:\/\/yunfin.digi-motions.be\/fr\/contact\/","og_site_name":"YUN","article_modified_time":"2022-03-31T12:16:13+00:00","og_image":[{"url":"https:\/\/yunfin.digi-motions.be\/wp-content\/uploads\/2021\/07\/Middel-2-7.png","type":"","width":"","height":""}],"twitter_card":"summary_large_image","twitter_misc":{"Dur\u00e9e de lecture estim\u00e9e":"1 minute"},"schema":{"@context":"https:\/\/schema.org","@graph":[{"@type":"WebPage","@id":"https:\/\/yunfin.digi-motions.be\/fr\/contact\/","url":"https:\/\/yunfin.digi-motions.be\/fr\/contact\/","name":"YUN Probioth\u00e9rapie - Traitez les probl\u00e8mes de peau avec de bonnes bact\u00e9ries !","isPartOf":{"@id":"https:\/\/yunfin.digi-motions.be\/fr\/#website"},"primaryImageOfPage":{"@id":"https:\/\/yunfin.digi-motions.be\/fr\/contact\/#primaryimage"},"image":{"@id":"https:\/\/yunfin.digi-motions.be\/fr\/contact\/#primaryimage"},"thumbnailUrl":"https:\/\/yunfin.digi-motions.be\/wp-content\/uploads\/2021\/07\/Middel-2-7.png","datePublished":"2021-08-18T17:52:21+00:00","dateModified":"2022-03-31T12:16:13+00:00","description":"YUN combat les probl\u00e8mes de peau gr\u00e2ce au pouvoir des bonnes bact\u00e9ries. Prot\u00e8ge, renforce et restaure votre microbiome ! Technologie brevet\u00e9e avec probiotiques vivants.","breadcrumb":{"@id":"https:\/\/yunfin.digi-motions.be\/fr\/contact\/#breadcrumb"},"inLanguage":"fr-FR","potentialAction":[{"@type":"ReadAction","target":["https:\/\/yunfin.digi-motions.be\/fr\/contact\/"]}]},{"@type":"ImageObject","inLanguage":"fr-FR","@id":"https:\/\/yunfin.digi-motions.be\/fr\/contact\/#primaryimage","url":"https:\/\/yunfin.digi-motions.be\/wp-content\/uploads\/2021\/07\/Middel-2-7.png","contentUrl":"https:\/\/yunfin.digi-motions.be\/wp-content\/uploads\/2021\/07\/Middel-2-7.png"},{"@type":"BreadcrumbList","@id":"https:\/\/yunfin.digi-motions.be\/fr\/contact\/#breadcrumb","itemListElement":[{"@type":"ListItem","position":1,"name":"Home","item":"https:\/\/yunfin.digi-motions.be\/fr\/"},{"@type":"ListItem","position":2,"name":"Contact"}]},{"@type":"WebSite","@id":"https:\/\/yunfin.digi-motions.be\/fr\/#website","url":"https:\/\/yunfin.digi-motions.be\/fr\/","name":"YUN","description":"YUN PROBIOTHERAPY","publisher":{"@id":"https:\/\/yunfin.digi-motions.be\/fr\/#organization"},"potentialAction":[{"@type":"SearchAction","target":{"@type":"EntryPoint","urlTemplate":"https:\/\/yunfin.digi-motions.be\/fr\/?s={search_term_string}"},"query-input":{"@type":"PropertyValueSpecification","valueRequired":true,"valueName":"search_term_string"}}],"inLanguage":"fr-FR"},{"@type":"Organization","@id":"https:\/\/yunfin.digi-motions.be\/fr\/#organization","name":"YUN","url":"https:\/\/yunfin.digi-motions.be\/fr\/","logo":{"@type":"ImageObject","inLanguage":"fr-FR","@id":"https:\/\/yunfin.digi-motions.be\/fr\/#\/schema\/logo\/image\/","url":"https:\/\/yunfin.digi-motions.be\/wp-content\/uploads\/2025\/09\/Logo_yun.webp","contentUrl":"https:\/\/yunfin.digi-motions.be\/wp-content\/uploads\/2025\/09\/Logo_yun.webp","width":2101,"height":903,"caption":"YUN"},"image":{"@id":"https:\/\/yunfin.digi-motions.be\/fr\/#\/schema\/logo\/image\/"}}]}},"_links":{"self":[{"href":"https:\/\/yunfin.digi-motions.be\/fr\/wp-json\/wp\/v2\/pages\/4304","targetHints":{"allow":["GET"]}}],"collection":[{"href":"https:\/\/yunfin.digi-motions.be\/fr\/wp-json\/wp\/v2\/pages"}],"about":[{"href":"https:\/\/yunfin.digi-motions.be\/fr\/wp-json\/wp\/v2\/types\/page"}],"author":[{"embeddable":true,"href":"https:\/\/yunfin.digi-motions.be\/fr\/wp-json\/wp\/v2\/users\/1"}],"replies":[{"embeddable":true,"href":"https:\/\/yunfin.digi-motions.be\/fr\/wp-json\/wp\/v2\/comments?post=4304"}],"version-history":[{"count":7,"href":"https:\/\/yunfin.digi-motions.be\/fr\/wp-json\/wp\/v2\/pages\/4304\/revisions"}],"predecessor-version":[{"id":6563,"href":"https:\/\/yunfin.digi-motions.be\/fr\/wp-json\/wp\/v2\/pages\/4304\/revisions\/6563"}],"wp:attachment":[{"href":"https:\/\/yunfin.digi-motions.be\/fr\/wp-json\/wp\/v2\/media?parent=4304"}],"curies":[{"name":"wp","href":"https:\/\/api.w.org\/{rel}","templated":true}]}}